{"id":63,"date":"2021-02-22T10:25:17","date_gmt":"2021-02-22T09:25:17","guid":{"rendered":"https:\/\/weph.site\/buchstaeblich\/impressum\/"},"modified":"2021-04-23T15:06:33","modified_gmt":"2021-04-23T13:06:33","slug":"impressum","status":"publish","type":"page","link":"https:\/\/weph.site\/buchstaeblich\/impressum\/","title":{"rendered":"Impressum"},"content":{"rendered":"<h1 id=\"headline-14-73\" class=\"ct-headline saas-heading-two\">Angaben gem\u00e4\u00df \u00a7 5 TMG:<\/h1>\n<div id=\"text_block-124-125\" class=\"ct-text-block\">\n<div>M\u00fcller &amp; Borggr\u00e4fe GmbH<\/div>\n<div>Hagener Stra\u00dfe 20<\/div>\n<div>58285 Gevelsberg<\/div>\n<\/div>\n<h2 id=\"headline-16-73\" class=\"ct-headline saas-heading-two\">Vertreten durch:<\/h2>\n<div id=\"text_block-137-125\" class=\"ct-text-block\">\n<div><\/div>\n<p>M\u00fcller &amp; Borggr\u00e4fe GmbH, vertreten durch Wolfgang M\u00fcller<\/p>\n<div><\/div>\n<\/div>\n<h2 id=\"headline-142-125\" class=\"ct-headline saas-heading-two\">Kontakt:<\/h2>\n<div id=\"text_block-145-125\" class=\"ct-text-block\">\n<div><\/div>\n<p>Telefon: +49 (0) 23 32 &#8211; 78 8 &#8211; 0<br \/>\nTelefax: +49 (0) 23 32 &#8211; 80 33 6<br \/>\nE-Mail: info@muebo.de<\/p>\n<p>Registereintrag:<\/p>\n<p>Eintragung im Handelsregister.<br \/>\nRegistergericht:Amtsgericht Hagen<br \/>\nRegisternummer: HRB 5873<\/p>\n<div><\/div>\n<\/div>\n<h2 id=\"headline-148-125\" class=\"ct-headline saas-heading-two\">Umsatzsteuer:<\/h2>\n<div id=\"text_block-151-125\" class=\"ct-text-block\">\n<div><\/div>\n<p>Umsatzsteuer-Identifikationsnummer gem\u00e4\u00df \u00a727 a Umsatzsteuergesetz:<br \/>\nDE 811191545<\/p>\n<div><\/div>\n<\/div>\n<h2 id=\"headline-154-125\" class=\"ct-headline saas-heading-two\">Angaben zur Berufshaftpflichtversicherung<\/h2>\n<div id=\"text_block-157-125\" class=\"ct-text-block\">\n<div><\/div>\n<p>Name und Sitz des Versicherers:<br \/>\nAXA Versicherung<br \/>\nColonia-Allee 10-20<br \/>\n51067 K\u00f6ln<\/p>\n<p>Geltungsraum der Versicherung: Versicherungsschutz weltweit, au\u00dfer USA und Kanada<\/p>\n<div><\/div>\n<\/div>\n<h2 id=\"headline-160-125\" class=\"ct-headline saas-heading-two\">Verantwortlich f\u00fcr den Inhalt nach \u00a7 55 Abs. 2 RStV:<\/h2>\n<div id=\"text_block-163-125\" class=\"ct-text-block\">\n<div><\/div>\n<p>Wolfgang M\u00fcller<br \/>\nHagener Stra\u00dfe 20<br \/>\nD-58285 Gevelsberg<\/p>\n<div><\/div>\n<\/div>\n<h2 id=\"headline-166-125\" class=\"ct-headline saas-heading-two\">Streitschlichtung<\/h2>\n<div id=\"text_block-169-125\" class=\"ct-text-block\">\n<div><\/div>\n<p>Die Europ\u00e4ische Kommission stellt eine Plattform zur Online-Streitbeilegung (OS) bereit: https:\/\/ec.europa.eu\/consumers\/odr.<br \/>\nUnsere E-Mail-Adresse finden Sie oben im Impressum.<\/p>\n<p>Wir sind nicht bereit oder verpflichtet, an Streitbeilegungsverfahren vor einer Verbraucherschlichtungsstelle teilzunehmen.<\/p>\n<div><\/div>\n<\/div>\n<h2 id=\"headline-173-125\" class=\"ct-headline saas-heading-two\">Haftung f\u00fcr Inhalte<\/h2>\n<div id=\"text_block-176-125\" class=\"ct-text-block\">\n<div><\/div>\n<p>Als Diensteanbieter sind wir gem\u00e4\u00df \u00a7 7 Abs.1 TMG f\u00fcr eigene Inhalte auf diesen Seiten nach den allgemeinen Gesetzen verantwortlich. Nach \u00a7\u00a7 8 bis 10 TMG sind wir als Diensteanbieter jedoch nicht verpflichtet, \u00fcbermittelte oder gespeicherte fremde Informationen zu \u00fcberwachen oder nach Umst\u00e4nden zu forschen, die auf eine rechtswidrige T\u00e4tigkeit hinweisen.<\/p>\n<p>Verpflichtungen zur Entfernung oder Sperrung der Nutzung von Informationen nach den allgemeinen Gesetzen bleiben hiervon unber\u00fchrt. Eine diesbez\u00fcgliche Haftung ist jedoch erst ab dem Zeitpunkt der Kenntnis einer konkreten Rechtsverletzung m\u00f6glich. Bei Bekanntwerden von entsprechenden Rechtsverletzungen werden wir diese Inhalte umgehend entfernen.<\/p>\n<div><\/div>\n<\/div>\n<h2 id=\"headline-179-125\" class=\"ct-headline saas-heading-two\">Haftung f\u00fcr Links<\/h2>\n<div id=\"text_block-182-125\" class=\"ct-text-block\">\n<div><\/div>\n<p>Unser Angebot enth\u00e4lt Links zu externen Websites Dritter, auf deren Inhalte wir keinen Einfluss haben. Deshalb k\u00f6nnen wir f\u00fcr diese fremden Inhalte auch keine Gew\u00e4hr \u00fcbernehmen. F\u00fcr die Inhalte der verlinkten Seiten ist stets der jeweilige Anbieter oder Betreiber der Seiten verantwortlich. Die verlinkten Seiten wurden zum Zeitpunkt der Verlinkung auf m\u00f6gliche Rechtsverst\u00f6\u00dfe \u00fcberpr\u00fcft. Rechtswidrige Inhalte waren zum Zeitpunkt der Verlinkung nicht erkennbar.<\/p>\n<p>Eine permanente inhaltliche Kontrolle der verlinkten Seiten ist jedoch ohne konkrete Anhaltspunkte einer Rechtsverletzung nicht zumutbar. Bei Bekanntwerden von Rechtsverletzungen werden wir derartige Links umgehend entfernen.<\/p>\n<div><\/div>\n<\/div>\n<h2 id=\"headline-185-125\" class=\"ct-headline saas-heading-two\">Urheberrecht<\/h2>\n<div id=\"text_block-188-125\" class=\"ct-text-block\">\n<div><\/div>\n<p>Die durch die Seitenbetreiber erstellten Inhalte und Werke auf diesen Seiten unterliegen dem deutschen Urheberrecht. Die Vervielf\u00e4ltigung, Bearbeitung, Verbreitung und jede Art der Verwertung au\u00dferhalb der Grenzen des Urheberrechtes bed\u00fcrfen der schriftlichen Zustimmung des jeweiligen Autors bzw. Erstellers. Downloads und Kopien dieser Seite sind nur f\u00fcr den privaten, nicht kommerziellen Gebrauch gestattet.<\/p>\n<p>Soweit die Inhalte auf dieser Seite nicht vom Betreiber erstellt wurden, werden die Urheberrechte Dritter beachtet. Insbesondere werden Inhalte Dritter als solche gekennzeichnet. Sollten Sie trotzdem auf eine Urheberrechtsverletzung aufmerksam werden, bitten wir um einen entsprechenden Hinweis. Bei Bekanntwerden von Rechtsverletzungen werden wir derartige Inhalte umgehend entfernen.<\/p><\/div>\n<div id=\"a36bb854c610d44-autofill-overlay-host\" class=\"a36bb854c610d44-autofill-overlay-host\" style=\"position: absolute; z-index: 10; top: 0px; left: 0px; width: 0;\">\n<div style=\"display: hidden;\"><\/div>\n<\/div>\n<div class=\"woocommerce woocommerce-gzd woocommerce-gzd-complaints-shortcode\">\n\t\t\t<h3>Alternative Streitbeilegung gem\u00e4\u00df Art. 14 Abs. 1 ODR-VO und \u00a7 36 VSBG:<\/h3>\n\t\nZur Teilnahme an einem Streitbeilegungsverfahren vor einer Verbraucherschlichtungsstelle sind wir nicht verpflichtet und nicht bereit.<\/div>\n","protected":false},"excerpt":{"rendered":"<p>Angaben gem\u00e4\u00df \u00a7 5 TMG: M\u00fcller &amp; Borggr\u00e4fe GmbH Hagener Stra\u00dfe 20 58285 Gevelsberg Vertreten durch: M\u00fcller &amp; Borggr\u00e4fe GmbH, vertreten durch Wolfgang M\u00fcller Kontakt: Telefon: +49 (0) 23 32 &#8211; 78 8 &#8211; 0 Telefax: +49 (0) 23 32 &#8211; 80 33 6 E-Mail: info@muebo.de Registereintrag: Eintragung im Handelsregister. Registergericht:Amtsgericht Hagen Registernummer: HRB 5873 [&hellip;]<\/p>\n","protected":false},"author":1,"featured_media":0,"parent":0,"menu_order":0,"comment_status":"closed","ping_status":"closed","template":"","meta":{"footnotes":""},"class_list":["post-63","page","type-page","status-publish","hentry"],"yoast_head":"<!-- This site is optimized with the Yoast SEO plugin v26.8 - https:\/\/yoast.com\/product\/yoast-seo-wordpress\/ -->\n<title>Impressum - Buchstaeblich |<\/title>\n<meta name=\"robots\" content=\"noindex, follow, max-snippet:-1, max-image-preview:large, max-video-preview:-1\" \/>\n<meta property=\"og:locale\" content=\"de_DE\" \/>\n<meta property=\"og:type\" content=\"article\" \/>\n<meta property=\"og:title\" content=\"Impressum - Buchstaeblich |\" \/>\n<meta property=\"og:description\" content=\"Angaben gem\u00e4\u00df \u00a7 5 TMG: M\u00fcller &amp; Borggr\u00e4fe GmbH Hagener Stra\u00dfe 20 58285 Gevelsberg Vertreten durch: M\u00fcller &amp; Borggr\u00e4fe GmbH, vertreten durch Wolfgang M\u00fcller Kontakt: Telefon: +49 (0) 23 32 &#8211; 78 8 &#8211; 0 Telefax: +49 (0) 23 32 &#8211; 80 33 6 E-Mail: info@muebo.de Registereintrag: Eintragung im Handelsregister. Registergericht:Amtsgericht Hagen Registernummer: HRB 5873 [&hellip;]\" \/>\n<meta property=\"og:url\" content=\"https:\/\/weph.site\/buchstaeblich\/impressum\/\" \/>\n<meta property=\"og:site_name\" content=\"Buchstaeblich |\" \/>\n<meta property=\"article:modified_time\" content=\"2021-04-23T13:06:33+00:00\" \/>\n<meta name=\"twitter:card\" content=\"summary_large_image\" \/>\n<meta name=\"twitter:label1\" content=\"Gesch\u00e4tzte Lesezeit\" \/>\n\t<meta name=\"twitter:data1\" content=\"2\u00a0Minuten\" \/>\n<script type=\"application\/ld+json\" class=\"yoast-schema-graph\">{\"@context\":\"https:\/\/schema.org\",\"@graph\":[{\"@type\":\"WebPage\",\"@id\":\"https:\/\/weph.site\/buchstaeblich\/impressum\/\",\"url\":\"https:\/\/weph.site\/buchstaeblich\/impressum\/\",\"name\":\"Impressum - Buchstaeblich |\",\"isPartOf\":{\"@id\":\"https:\/\/weph.site\/buchstaeblich\/#website\"},\"datePublished\":\"2021-02-22T09:25:17+00:00\",\"dateModified\":\"2021-04-23T13:06:33+00:00\",\"breadcrumb\":{\"@id\":\"https:\/\/weph.site\/buchstaeblich\/impressum\/#breadcrumb\"},\"inLanguage\":\"de\",\"potentialAction\":[{\"@type\":\"ReadAction\",\"target\":[\"https:\/\/weph.site\/buchstaeblich\/impressum\/\"]}]},{\"@type\":\"BreadcrumbList\",\"@id\":\"https:\/\/weph.site\/buchstaeblich\/impressum\/#breadcrumb\",\"itemListElement\":[{\"@type\":\"ListItem\",\"position\":1,\"name\":\"Startseite\",\"item\":\"https:\/\/weph.site\/buchstaeblich\/\"},{\"@type\":\"ListItem\",\"position\":2,\"name\":\"Impressum\"}]},{\"@type\":\"WebSite\",\"@id\":\"https:\/\/weph.site\/buchstaeblich\/#website\",\"url\":\"https:\/\/weph.site\/buchstaeblich\/\",\"name\":\"Buchstaeblich |\",\"description\":\"Kompliment, Motivation oder Trost? Jetzt Schriftzug w\u00e4hlen\",\"potentialAction\":[{\"@type\":\"SearchAction\",\"target\":{\"@type\":\"EntryPoint\",\"urlTemplate\":\"https:\/\/weph.site\/buchstaeblich\/?s={search_term_string}\"},\"query-input\":{\"@type\":\"PropertyValueSpecification\",\"valueRequired\":true,\"valueName\":\"search_term_string\"}}],\"inLanguage\":\"de\"}]}<\/script>\n<!-- \/ Yoast SEO plugin. -->","yoast_head_json":{"title":"Impressum - Buchstaeblich |","robots":{"index":"noindex","follow":"follow","max-snippet":"max-snippet:-1","max-image-preview":"max-image-preview:large","max-video-preview":"max-video-preview:-1"},"og_locale":"de_DE","og_type":"article","og_title":"Impressum - Buchstaeblich |","og_description":"Angaben gem\u00e4\u00df \u00a7 5 TMG: M\u00fcller &amp; Borggr\u00e4fe GmbH Hagener Stra\u00dfe 20 58285 Gevelsberg Vertreten durch: M\u00fcller &amp; Borggr\u00e4fe GmbH, vertreten durch Wolfgang M\u00fcller Kontakt: Telefon: +49 (0) 23 32 &#8211; 78 8 &#8211; 0 Telefax: +49 (0) 23 32 &#8211; 80 33 6 E-Mail: info@muebo.de Registereintrag: Eintragung im Handelsregister. Registergericht:Amtsgericht Hagen Registernummer: HRB 5873 [&hellip;]","og_url":"https:\/\/weph.site\/buchstaeblich\/impressum\/","og_site_name":"Buchstaeblich |","article_modified_time":"2021-04-23T13:06:33+00:00","twitter_card":"summary_large_image","twitter_misc":{"Gesch\u00e4tzte Lesezeit":"2\u00a0Minuten"},"schema":{"@context":"https:\/\/schema.org","@graph":[{"@type":"WebPage","@id":"https:\/\/weph.site\/buchstaeblich\/impressum\/","url":"https:\/\/weph.site\/buchstaeblich\/impressum\/","name":"Impressum - Buchstaeblich |","isPartOf":{"@id":"https:\/\/weph.site\/buchstaeblich\/#website"},"datePublished":"2021-02-22T09:25:17+00:00","dateModified":"2021-04-23T13:06:33+00:00","breadcrumb":{"@id":"https:\/\/weph.site\/buchstaeblich\/impressum\/#breadcrumb"},"inLanguage":"de","potentialAction":[{"@type":"ReadAction","target":["https:\/\/weph.site\/buchstaeblich\/impressum\/"]}]},{"@type":"BreadcrumbList","@id":"https:\/\/weph.site\/buchstaeblich\/impressum\/#breadcrumb","itemListElement":[{"@type":"ListItem","position":1,"name":"Startseite","item":"https:\/\/weph.site\/buchstaeblich\/"},{"@type":"ListItem","position":2,"name":"Impressum"}]},{"@type":"WebSite","@id":"https:\/\/weph.site\/buchstaeblich\/#website","url":"https:\/\/weph.site\/buchstaeblich\/","name":"Buchstaeblich |","description":"Kompliment, Motivation oder Trost? Jetzt Schriftzug w\u00e4hlen","potentialAction":[{"@type":"SearchAction","target":{"@type":"EntryPoint","urlTemplate":"https:\/\/weph.site\/buchstaeblich\/?s={search_term_string}"},"query-input":{"@type":"PropertyValueSpecification","valueRequired":true,"valueName":"search_term_string"}}],"inLanguage":"de"}]}},"_links":{"self":[{"href":"https:\/\/weph.site\/buchstaeblich\/wp-json\/wp\/v2\/pages\/63","targetHints":{"allow":["GET"]}}],"collection":[{"href":"https:\/\/weph.site\/buchstaeblich\/wp-json\/wp\/v2\/pages"}],"about":[{"href":"https:\/\/weph.site\/buchstaeblich\/wp-json\/wp\/v2\/types\/page"}],"author":[{"embeddable":true,"href":"https:\/\/weph.site\/buchstaeblich\/wp-json\/wp\/v2\/users\/1"}],"replies":[{"embeddable":true,"href":"https:\/\/weph.site\/buchstaeblich\/wp-json\/wp\/v2\/comments?post=63"}],"version-history":[{"count":0,"href":"https:\/\/weph.site\/buchstaeblich\/wp-json\/wp\/v2\/pages\/63\/revisions"}],"wp:attachment":[{"href":"https:\/\/weph.site\/buchstaeblich\/wp-json\/wp\/v2\/media?parent=63"}],"curies":[{"name":"wp","href":"https:\/\/api.w.org\/{rel}","templated":true}]}}